{"id":512,"date":"2026-02-16T11:48:06","date_gmt":"2026-02-16T11:48:06","guid":{"rendered":"https:\/\/coffeemarket24.com\/regulamin-sklepu-internetowego"},"modified":"2026-02-27T19:45:38","modified_gmt":"2026-02-27T19:45:38","slug":"regulamin-sklepu-internetowego","status":"publish","type":"page","link":"https:\/\/coffeemarket24.com\/pl\/regulamin-sklepu-internetowego","title":{"rendered":"Regulamin sklepu internetowego"},"content":{"rendered":"\n  <div id=\"page-header-888116519\" class=\"page-header-wrapper\">\n  <div class=\"page-title dark featured-title\">\n\n        <div class=\"page-title-bg\">\n      <div class=\"title-bg fill bg-fill\"\n        data-parallax-container=\".page-title\"\n        data-parallax-background\n        data-parallax=\"-\">\n      <\/div>\n      <div class=\"title-overlay fill\"><\/div>\n    <\/div>\n    \n    <div class=\"page-title-inner container align-center flex-row medium-flex-wrap\" >\n              <div class=\"title-wrapper flex-col text-left medium-text-center\">\n          <h1 class=\"entry-title mb-0\">\n            Regulamin sklepu internetowego          <\/h1>\n        <\/div>\n                    <div class=\"title-content flex-col flex-right text-right medium-text-center\">\n        <div class=\"title-breadcrumbs pb-half pt-half\"><nav class=\"woocommerce-breadcrumb breadcrumbs uppercase\" aria-label=\"Breadcrumb\">Strona g\u0142\u00f3wna<\/nav><\/div>      <\/div>\n    <\/div>\n\n     \n<style>\n#page-header-888116519 .featured-title {\n  background-color: rgb(133, 188, 155);\n}\n<\/style>\n  <\/div>\n    <\/div>\n  \n\n<div class=\"row\"  id=\"row-1153380264\">\n\n\n\t<div id=\"col-250698856\" class=\"col small-12 large-12\"  >\n\t\t\t\t<div class=\"col-inner\"  >\n\t\t\t\n\t\t\t\n\n<div class=\"accordion\">\n\n\t<div id=\"accordion-2141900285\" class=\"accordion-item\">\n\t\t<a id=\"accordion-2141900285-label\" class=\"accordion-title plain active\" href=\"#accordion-item-\u00a71.-informacje-og\u00d3lne-\" aria-expanded=\"true\" aria-controls=\"accordion-2141900285-content\">\n\t\t\t<button class=\"toggle\" aria-label=\"Prze\u0142\u0105cznik\"><i class=\"icon-angle-down\" aria-hidden=\"true\"><\/i><\/button>\n\t\t\t<span>\u00a71. INFORMACJE OG\u00d3LNE <\/span>\n\t\t<\/a>\n\t\t<div id=\"accordion-2141900285-content\" class=\"accordion-inner\" style=\"display: block;\" aria-labelledby=\"accordion-2141900285-label\">\n\t\t\t\n\n<ol>\n<li style=\"font-weight: 400;\" aria-level=\"1\"><span style=\"font-weight: 400;\">Sklep internetowy dost\u0119pny pod adresem<\/span> <a href=\"http:\/\/www.coffeemarket24.com\">www.coffeemarket24.com<\/a><span style=\"font-weight: 400;\"> prowadzony jest przez:<\/span><span style=\"font-weight: 400;\"><br><\/span><b>Quality Media Marta Rydzy\u0144ska<\/b><b><br><\/b><span style=\"font-weight: 400;\">ul. Szkolna 9, 55-040 Tyniec Ma\u0142y, Poland <\/span><span style=\"font-weight: 400;\"><br><\/span><span style=\"font-weight: 400;\">NIP: 7532335472<\/span><span style=\"font-weight: 400;\"><br><\/span><span style=\"font-weight: 400;\">E-mail: contact@coffeemarket24.com<\/span><span style=\"font-weight: 400;\"><br><\/span><span style=\"font-weight: 400;\">dalej zwana \u201eSprzedawc\u0105\u201d.<\/span><\/li>\n<li style=\"font-weight: 400;\" aria-level=\"1\"><span style=\"font-weight: 400;\">Regulamin okre\u015bla zasady korzystania ze sklepu internetowego, w szczeg\u00f3lno\u015bci:<\/span>\n<ul>\n<li style=\"font-weight: 400;\" aria-level=\"2\"><span style=\"font-weight: 400;\">sk\u0142adania zam\u00f3wie\u0144<\/span><\/li>\n<li style=\"font-weight: 400;\" aria-level=\"2\"><span style=\"font-weight: 400;\">zawierania um\u00f3w sprzeda\u017cy<\/span><\/li>\n<li style=\"font-weight: 400;\" aria-level=\"2\"><span style=\"font-weight: 400;\">p\u0142atno\u015bci i dostaw<\/span><\/li>\n<li style=\"font-weight: 400;\" aria-level=\"2\"><span style=\"font-weight: 400;\">reklamacji i odst\u0105pie\u0144 od umowy<\/span><\/li>\n<\/ul>\n<\/li>\n<li style=\"font-weight: 400;\" aria-level=\"1\">Sklep dzia\u0142a w oparciu o system WooCommerce (WordPress).<\/li>\n<li style=\"font-weight: 400;\" aria-level=\"1\"><span style=\"font-weight: 400;\">Regulamin jest dost\u0119pny nieodp\u0142atnie na stronie Sklepu w spos\u00f3b umo\u017cliwiaj\u0105cy jego zapisanie i odtworzenie.<br><\/span><\/li>\n<\/ol>\n\n\t\t<\/div>\n\t<\/div>\n\t\n\t<div id=\"accordion-354923453\" class=\"accordion-item\">\n\t\t<a id=\"accordion-354923453-label\" class=\"accordion-title plain\" href=\"#accordion-item-$2.-definicje-\" aria-expanded=\"false\" aria-controls=\"accordion-354923453-content\">\n\t\t\t<button class=\"toggle\" aria-label=\"Prze\u0142\u0105cznik\"><i class=\"icon-angle-down\" aria-hidden=\"true\"><\/i><\/button>\n\t\t\t<span>$2. DEFINICJE <\/span>\n\t\t<\/a>\n\t\t<div id=\"accordion-354923453-content\" class=\"accordion-inner\" aria-labelledby=\"accordion-354923453-label\">\n\t\t\t\n\n<p><span style=\"font-weight: 400;\">Na potrzeby Regulaminu przyjmuje si\u0119 nast\u0119puj\u0105ce znaczenie poj\u0119\u0107:<\/span><\/p>\n<ul>\n<li style=\"font-weight: 400;\" aria-level=\"1\"><b>Sklep<\/b> \u2013 sklep internetowy coffeemarket24.com<\/li>\n<li style=\"font-weight: 400;\" aria-level=\"1\"><b>Klient<\/b> \u2013 osoba fizyczna, prawna lub jednostka organizacyjna sk\u0142adaj\u0105ca zam\u00f3wienie<\/li>\n<li style=\"font-weight: 400;\" aria-level=\"1\"><b>Konsument<\/b> \u2013 Klient b\u0119d\u0105cy osob\u0105 fizyczn\u0105 dokonuj\u0105c\u0105 zakupu niezwi\u0105zanego bezpo\u015brednio z dzia\u0142alno\u015bci\u0105 gospodarcz\u0105<\/li>\n<li style=\"font-weight: 400;\" aria-level=\"1\">Produkt \u2013 towar oferowany w Sklepie, w szczeg\u00f3lno\u015bci kawa<\/li>\n<li style=\"font-weight: 400;\" aria-level=\"1\">Konto \u2013 konto u\u017cytkownika utworzone w systemie WooCommerce<br><\/li>\n<li style=\"font-weight: 400;\" aria-level=\"1\">Zam\u00f3wienie \u2013 o\u015bwiadczenie woli Klienta zmierzaj\u0105ce do zawarcia umowy sprzeda\u017cy<\/li>\n<\/ul>\n\n\t\t<\/div>\n\t<\/div>\n\t\n\t<div id=\"accordion-2775078391\" class=\"accordion-item\">\n\t\t<a id=\"accordion-2775078391-label\" class=\"accordion-title plain\" href=\"#accordion-item-\u00a73.-korzystanie-ze-sklepu-(woocommerce))-\" aria-expanded=\"false\" aria-controls=\"accordion-2775078391-content\">\n\t\t\t<button class=\"toggle\" aria-label=\"Prze\u0142\u0105cznik\"><i class=\"icon-angle-down\" aria-hidden=\"true\"><\/i><\/button>\n\t\t\t<span>\u00a73. KORZYSTANIE ZE SKLEPU (WOOCOMMERCE)) <\/span>\n\t\t<\/a>\n\t\t<div id=\"accordion-2775078391-content\" class=\"accordion-inner\" aria-labelledby=\"accordion-2775078391-label\">\n\t\t\t\n\n<ol>\n<li style=\"font-weight: 400;\" aria-level=\"1\"><span style=\"font-weight: 400;\">Klient mo\u017ce korzysta\u0107 ze Sklepu:<\/span>\n<ul>\n<li style=\"font-weight: 400;\" aria-level=\"2\"><span style=\"font-weight: 400;\">bez rejestracji,<\/span><\/li>\n<li style=\"font-weight: 400;\" aria-level=\"2\"><span style=\"font-weight: 400;\">poprzez za\u0142o\u017cenie Konta (opcjonalnie).<\/span><\/li>\n<\/ul>\n<\/li>\n<li style=\"font-weight: 400;\" aria-level=\"1\"><span style=\"font-weight: 400;\">Konto umo\u017cliwia w szczeg\u00f3lno\u015bci:<\/span>\n<ul>\n<li style=\"font-weight: 400;\" aria-level=\"2\"><span style=\"font-weight: 400;\">podgl\u0105d zam\u00f3wie\u0144<\/span><\/li>\n<li style=\"font-weight: 400;\" aria-level=\"2\"><span style=\"font-weight: 400;\">zapis danych adresowych,<\/span><\/li>\n<li style=\"font-weight: 400;\" aria-level=\"2\"><span style=\"font-weight: 400;\">zarz\u0105dzanie zgodami marketingowymi.<\/span><\/li>\n<\/ul>\n<\/li>\n<li style=\"font-weight: 400;\" aria-level=\"1\"><span style=\"font-weight: 400;\">Klient zobowi\u0105zany jest do podawania danych zgodnych ze stanem faktycznym.<\/span><\/li>\n<li style=\"font-weight: 400;\" aria-level=\"1\"><span style=\"font-weight: 400;\">Zabronione jest korzystanie ze Sklepu w spos\u00f3b sprzeczny z prawem lub dobrymi obyczajami.<\/span><\/li>\n<\/ol>\n\n\t\t<\/div>\n\t<\/div>\n\t\n\t<div id=\"accordion-1755892820\" class=\"accordion-item\">\n\t\t<a id=\"accordion-1755892820-label\" class=\"accordion-title plain\" href=\"#accordion-item-\u00a74.-sk\u0141adanie-zam\u00d3wie\u0143-\" aria-expanded=\"false\" aria-controls=\"accordion-1755892820-content\">\n\t\t\t<button class=\"toggle\" aria-label=\"Prze\u0142\u0105cznik\"><i class=\"icon-angle-down\" aria-hidden=\"true\"><\/i><\/button>\n\t\t\t<span>\u00a74. SK\u0141ADANIE ZAM\u00d3WIE\u0143 <\/span>\n\t\t<\/a>\n\t\t<div id=\"accordion-1755892820-content\" class=\"accordion-inner\" aria-labelledby=\"accordion-1755892820-label\">\n\t\t\t\n\n<ol>\n<li style=\"font-weight: 400;\" aria-level=\"1\"><span style=\"font-weight: 400;\">Zam\u00f3wienia sk\u0142adane s\u0105 poprzez formularz zam\u00f3wienia dost\u0119pny w Sklepie (checkout WooCommerce).<\/span><\/li>\n<li style=\"font-weight: 400;\" aria-level=\"1\"><span style=\"font-weight: 400;\">Aby z\u0142o\u017cy\u0107 zam\u00f3wienie, Klient:<\/span>\n<ul>\n<li style=\"font-weight: 400;\" aria-level=\"2\"><span style=\"font-weight: 400;\">dodaje Produkt do koszyka,<\/span><\/li>\n<li style=\"font-weight: 400;\" aria-level=\"2\"><span style=\"font-weight: 400;\">wybiera spos\u00f3b dostawy i p\u0142atno\u015bci,<\/span><\/li>\n<li style=\"font-weight: 400;\" aria-level=\"2\"><span style=\"font-weight: 400;\">akceptuje Regulamin,<\/span><\/li>\n<li style=\"font-weight: 400;\" aria-level=\"2\">potwierdza zam\u00f3wienie przyciskiem \u201eZam\u00f3wienie z obowi\u0105zkiem zap\u0142aty\u201d.<\/li>\n<\/ul>\n<\/li>\n<li style=\"font-weight: 400;\" aria-level=\"1\"><span style=\"font-weight: 400;\">Po z\u0142o\u017ceniu zam\u00f3wienia Klient otrzymuje e-mail potwierdzaj\u0105cy.<\/span><\/li>\n<li style=\"font-weight: 400;\" aria-level=\"1\"><span style=\"font-weight: 400;\">Umowa sprzeda\u017cy zostaje zawarta z chwil\u0105 potwierdzenia zam\u00f3wienia przez Sprzedawc\u0119.<\/span><\/li>\n<\/ol>\n\n\t\t<\/div>\n\t<\/div>\n\t\n\t<div id=\"accordion-2697027496\" class=\"accordion-item\">\n\t\t<a id=\"accordion-2697027496-label\" class=\"accordion-title plain\" href=\"#accordion-item-\u00a75.-ceny-i-p\u0141atno\u015aci-\" aria-expanded=\"false\" aria-controls=\"accordion-2697027496-content\">\n\t\t\t<button class=\"toggle\" aria-label=\"Prze\u0142\u0105cznik\"><i class=\"icon-angle-down\" aria-hidden=\"true\"><\/i><\/button>\n\t\t\t<span>\u00a75. CENY I P\u0141ATNO\u015aCI <\/span>\n\t\t<\/a>\n\t\t<div id=\"accordion-2697027496-content\" class=\"accordion-inner\" aria-labelledby=\"accordion-2697027496-label\">\n\t\t\t\n\n<ol>\n<li style=\"font-weight: 400;\" aria-level=\"1\"><span style=\"font-weight: 400;\">Wszystkie ceny podawane s\u0105 w z\u0142otych polskich (PLN) i zawieraj\u0105 podatek VAT.<\/span><\/li>\n<li style=\"font-weight: 400;\" aria-level=\"1\"><span style=\"font-weight: 400;\">Dost\u0119pne formy p\u0142atno\u015bci:<\/span>\n<ul>\n<li style=\"font-weight: 400;\" aria-level=\"2\"><span style=\"font-weight: 400;\">przelew bankowy,<\/span><\/li>\n<li style=\"font-weight: 400;\" aria-level=\"2\"><span style=\"font-weight: 400;\">p\u0142atno\u015bci elektroniczne,<\/span><\/li>\n<li style=\"font-weight: 400;\" aria-level=\"2\"><span style=\"font-weight: 400;\">p\u0142atno\u015b\u0107 przy odbiorze (je\u015bli dost\u0119pna).<\/span><\/li>\n<\/ul>\n<\/li>\n<li style=\"font-weight: 400;\" aria-level=\"1\">Termin p\u0142atno\u015bci wynosi maksymalnie 14 dni od dnia zawarcia umowy.<\/li>\n<li style=\"font-weight: 400;\" aria-level=\"1\"><span style=\"font-weight: 400;\">Brak p\u0142atno\u015bci mo\u017ce skutkowa\u0107 anulowaniem zam\u00f3wienia.<br><\/span><\/li>\n<\/ol>\n\n\t\t<\/div>\n\t<\/div>\n\t\n\t<div id=\"accordion-4071466622\" class=\"accordion-item\">\n\t\t<a id=\"accordion-4071466622-label\" class=\"accordion-title plain\" href=\"#accordion-item-\u00a76.-dostawa-\" aria-expanded=\"false\" aria-controls=\"accordion-4071466622-content\">\n\t\t\t<button class=\"toggle\" aria-label=\"Prze\u0142\u0105cznik\"><i class=\"icon-angle-down\" aria-hidden=\"true\"><\/i><\/button>\n\t\t\t<span>\u00a76. DOSTAWA <\/span>\n\t\t<\/a>\n\t\t<div id=\"accordion-4071466622-content\" class=\"accordion-inner\" aria-labelledby=\"accordion-4071466622-label\">\n\t\t\t\n\n<ol>\n<li style=\"font-weight: 400;\" aria-level=\"1\"><span style=\"font-weight: 400;\">Dostawa realizowana jest na terytorium Polski.<\/span><\/li>\n<li style=\"font-weight: 400;\" aria-level=\"1\"><span style=\"font-weight: 400;\">Dost\u0119pne metody dostawy widoczne s\u0105 w procesie sk\u0142adania zam\u00f3wienia.<\/span><\/li>\n<li style=\"font-weight: 400;\" aria-level=\"1\"><span style=\"font-weight: 400;\">Koszt dostawy wskazywany jest przed finalizacj\u0105 zam\u00f3wienia.<\/span><\/li>\n<li style=\"font-weight: 400;\" aria-level=\"1\">Standardowy czas realizacji zam\u00f3wienia wynosi do 7 dni roboczych<\/li>\n<\/ol>\n\n\t\t<\/div>\n\t<\/div>\n\t\n\t<div id=\"accordion-3011847601\" class=\"accordion-item\">\n\t\t<a id=\"accordion-3011847601-label\" class=\"accordion-title plain\" href=\"#accordion-item-\u00a77.-produkty-spo\u017bywcze-(kawa)-\" aria-expanded=\"false\" aria-controls=\"accordion-3011847601-content\">\n\t\t\t<button class=\"toggle\" aria-label=\"Prze\u0142\u0105cznik\"><i class=\"icon-angle-down\" aria-hidden=\"true\"><\/i><\/button>\n\t\t\t<span>\u00a77. PRODUKTY SPO\u017bYWCZE (KAWA) <\/span>\n\t\t<\/a>\n\t\t<div id=\"accordion-3011847601-content\" class=\"accordion-inner\" aria-labelledby=\"accordion-3011847601-label\">\n\t\t\t\n\n<ol>\n<li style=\"font-weight: 400;\" aria-level=\"1\"><span style=\"font-weight: 400;\">Produkty oferowane w Sklepie s\u0105 produktami spo\u017cywczymi.<\/span><\/li>\n<li style=\"font-weight: 400;\" aria-level=\"1\"><span style=\"font-weight: 400;\">Ze wzgl\u0119d\u00f3w higienicznych i bezpiecze\u0144stwa \u017cywno\u015bci:<\/span>\n<ul>\n<li style=\"font-weight: 400;\" aria-level=\"2\">Produkt w otwartym opakowaniu nie podlega zwrotowi,<br>chyba \u017ce jest niezgodny z umow\u0105.<\/li>\n<\/ul>\n<\/li>\n<\/ol>\n\n\t\t<\/div>\n\t<\/div>\n\t\n\t<div id=\"accordion-602192089\" class=\"accordion-item\">\n\t\t<a id=\"accordion-602192089-label\" class=\"accordion-title plain\" href=\"#accordion-item-\u00a78.-reklamacje-\" aria-expanded=\"false\" aria-controls=\"accordion-602192089-content\">\n\t\t\t<button class=\"toggle\" aria-label=\"Prze\u0142\u0105cznik\"><i class=\"icon-angle-down\" aria-hidden=\"true\"><\/i><\/button>\n\t\t\t<span>\u00a78. REKLAMACJE <\/span>\n\t\t<\/a>\n\t\t<div id=\"accordion-602192089-content\" class=\"accordion-inner\" aria-labelledby=\"accordion-602192089-label\">\n\t\t\t\n\n<ol>\n<li style=\"font-weight: 400;\" aria-level=\"1\"><span style=\"font-weight: 400;\">Sprzedawca odpowiada za zgodno\u015b\u0107 Produktu z umow\u0105 zgodnie z przepisami prawa.<\/span><\/li>\n<li style=\"font-weight: 400;\" aria-level=\"1\"><span style=\"font-weight: 400;\">Reklamacje mo\u017cna sk\u0142ada\u0107:<\/span>\n<ul>\n<li style=\"font-weight: 400;\" aria-level=\"2\"><span style=\"font-weight: 400;\">e-mailowo: contact@coffeemarket24.com<\/span><\/li>\n<li style=\"font-weight: 400;\" aria-level=\"2\"><span style=\"font-weight: 400;\">pisemnie na adres siedziby Sprzedawcy.<\/span><\/li>\n<\/ul>\n<\/li>\n<li style=\"font-weight: 400;\" aria-level=\"1\"><span style=\"font-weight: 400;\">Reklamacja powinna zawiera\u0107:<\/span>\n<ul>\n<li style=\"font-weight: 400;\" aria-level=\"2\"><span style=\"font-weight: 400;\">dane Klienta,<\/span><\/li>\n<li style=\"font-weight: 400;\" aria-level=\"2\"><span style=\"font-weight: 400;\">opis problemu,<\/span><\/li>\n<li style=\"font-weight: 400;\" aria-level=\"2\"><span style=\"font-weight: 400;\">numer zam\u00f3wienia (je\u015bli mo\u017cliwe).<\/span><\/li>\n<\/ul>\n<\/li>\n<\/ol>\n<p>Reklamacje rozpatrywane s\u0105 w terminie 14 dni.<\/p>\n\n\t\t<\/div>\n\t<\/div>\n\t\n\t<div id=\"accordion-2334626079\" class=\"accordion-item\">\n\t\t<a id=\"accordion-2334626079-label\" class=\"accordion-title plain\" href=\"#accordion-item-\u00a79.-prawo-odst\u0104pienia-od-umowy-\" aria-expanded=\"false\" aria-controls=\"accordion-2334626079-content\">\n\t\t\t<button class=\"toggle\" aria-label=\"Prze\u0142\u0105cznik\"><i class=\"icon-angle-down\" aria-hidden=\"true\"><\/i><\/button>\n\t\t\t<span>\u00a79. PRAWO ODST\u0104PIENIA OD UMOWY <\/span>\n\t\t<\/a>\n\t\t<div id=\"accordion-2334626079-content\" class=\"accordion-inner\" aria-labelledby=\"accordion-2334626079-label\">\n\t\t\t\n\n<ol>\n<li style=\"font-weight: 400;\" aria-level=\"1\">Konsument ma prawo odst\u0105pi\u0107 od umowy w terminie 14 dni od otrzymania Produktu.<\/li>\n<li style=\"font-weight: 400;\" aria-level=\"1\">Prawo odst\u0105pienia nie przys\u0142uguje, je\u015bli:\n<ul>\n<li style=\"font-weight: 400;\" aria-level=\"2\"><span style=\"font-weight: 400;\">opakowanie Produktu spo\u017cywczego zosta\u0142o otwarte.<\/span><\/li>\n<\/ul>\n<\/li>\n<li style=\"font-weight: 400;\" aria-level=\"1\"><span style=\"font-weight: 400;\">Zwrot \u015brodk\u00f3w nast\u0119puje w terminie 14 dni od otrzymania zwrotu Produktu.<\/span><\/li>\n<\/ol>\n\n\t\t<\/div>\n\t<\/div>\n\t\n\t<div id=\"accordion-840628409\" class=\"accordion-item\">\n\t\t<a id=\"accordion-840628409-label\" class=\"accordion-title plain\" href=\"#accordion-item-\u00a710.-opinie-o-produktach-\" aria-expanded=\"false\" aria-controls=\"accordion-840628409-content\">\n\t\t\t<button class=\"toggle\" aria-label=\"Prze\u0142\u0105cznik\"><i class=\"icon-angle-down\" aria-hidden=\"true\"><\/i><\/button>\n\t\t\t<span>\u00a710. OPINIE O PRODUKTACH <\/span>\n\t\t<\/a>\n\t\t<div id=\"accordion-840628409-content\" class=\"accordion-inner\" aria-labelledby=\"accordion-840628409-label\">\n\t\t\t\n\n<ol>\n<li style=\"font-weight: 400;\" aria-level=\"1\"><span style=\"font-weight: 400;\">Sklep umo\u017cliwia wystawianie opinii o Produktach.<\/span><\/li>\n<li style=\"font-weight: 400;\" aria-level=\"1\"><span style=\"font-weight: 400;\">Opinie mog\u0105 dodawa\u0107 wy\u0142\u0105cznie Klienci, kt\u00f3rzy dokonali zakupu.<\/span><\/li>\n<li style=\"font-weight: 400;\" aria-level=\"1\"><span style=\"font-weight: 400;\">Opinie s\u0105 moderowane i nie mog\u0105:<\/span>\n<ul>\n<li style=\"font-weight: 400;\" aria-level=\"2\"><span style=\"font-weight: 400;\">narusza\u0107 prawa,<\/span><\/li>\n<li style=\"font-weight: 400;\" aria-level=\"2\"><span style=\"font-weight: 400;\">zawiera\u0107 tre\u015bci obra\u017aliwych,<\/span><\/li>\n<li style=\"font-weight: 400;\" aria-level=\"2\"><span style=\"font-weight: 400;\">wprowadza\u0107 w b\u0142\u0105d.<\/span><\/li>\n<\/ul>\n<\/li>\n<\/ol>\n\n\t\t<\/div>\n\t<\/div>\n\t\n\t<div id=\"accordion-4260097515\" class=\"accordion-item\">\n\t\t<a id=\"accordion-4260097515-label\" class=\"accordion-title plain\" href=\"#accordion-item-\u00a711.-nielegalne-tre\u015aci-(dsa)-\" aria-expanded=\"false\" aria-controls=\"accordion-4260097515-content\">\n\t\t\t<button class=\"toggle\" aria-label=\"Prze\u0142\u0105cznik\"><i class=\"icon-angle-down\" aria-hidden=\"true\"><\/i><\/button>\n\t\t\t<span>\u00a711. NIELEGALNE TRE\u015aCI (DSA) <\/span>\n\t\t<\/a>\n\t\t<div id=\"accordion-4260097515-content\" class=\"accordion-inner\" aria-labelledby=\"accordion-4260097515-label\">\n\t\t\t\n\n<ol>\n<li style=\"font-weight: 400;\" aria-level=\"1\">Klient mo\u017ce zg\u0142asza\u0107 tre\u015bci niezgodne z prawem na adres:<br>contact@coffeemarket24.com<\/li>\n<li style=\"font-weight: 400;\" aria-level=\"1\"><span style=\"font-weight: 400;\">Zg\u0142oszenie powinno zawiera\u0107:<\/span>\n<ul>\n<li style=\"font-weight: 400;\" aria-level=\"2\"><span style=\"font-weight: 400;\">opis tre\u015bci,<\/span><\/li>\n<li style=\"font-weight: 400;\" aria-level=\"2\"><span style=\"font-weight: 400;\">link do tre\u015bci,<\/span><\/li>\n<li style=\"font-weight: 400;\" aria-level=\"2\"><span style=\"font-weight: 400;\">uzasadnienie<\/span><\/li>\n<\/ul>\n<\/li>\n<li style=\"font-weight: 400;\" aria-level=\"1\">Zg\u0142oszenia rozpatrywane s\u0105 zgodnie z Aktem o Us\u0142ugach Cyfrowych (DSA).<\/li>\n<\/ol>\n\n\t\t<\/div>\n\t<\/div>\n\t\n\t<div id=\"accordion-991623194\" class=\"accordion-item\">\n\t\t<a id=\"accordion-991623194-label\" class=\"accordion-title plain\" href=\"#accordion-item-\u00a712.-postanowienia-ko\u0143cowe-\" aria-expanded=\"false\" aria-controls=\"accordion-991623194-content\">\n\t\t\t<button class=\"toggle\" aria-label=\"Prze\u0142\u0105cznik\"><i class=\"icon-angle-down\" aria-hidden=\"true\"><\/i><\/button>\n\t\t\t<span>\u00a712. POSTANOWIENIA KO\u0143COWE <\/span>\n\t\t<\/a>\n\t\t<div id=\"accordion-991623194-content\" class=\"accordion-inner\" aria-labelledby=\"accordion-991623194-label\">\n\t\t\t\n\n<ol>\n<li style=\"font-weight: 400;\" aria-level=\"1\"><span style=\"font-weight: 400;\">Regulamin podlega prawu polskiemu.<\/span><\/li>\n<li style=\"font-weight: 400;\" aria-level=\"1\"><span style=\"font-weight: 400;\">W sprawach nieuregulowanych zastosowanie maj\u0105 przepisy prawa powszechnie obowi\u0105zuj\u0105cego.<br><\/span><\/li>\n<li style=\"font-weight: 400;\" aria-level=\"1\"><span style=\"font-weight: 400;\">Sprzedawca zastrzega sobie prawo do zmiany Regulaminu z wa\u017cnych przyczyn prawnych lub technicznych.<\/span><\/li>\n<\/ol>\n\n\t\t<\/div>\n\t<\/div>\n\t\n\t<div id=\"accordion-4189483096\" class=\"accordion-item\">\n\t\t<a id=\"accordion-4189483096-label\" class=\"accordion-title plain\" href=\"#accordion-item-\u00a713.-wz\u00d3r-formularza-odst\u0104pienia-od-umowy-\" aria-expanded=\"false\" aria-controls=\"accordion-4189483096-content\">\n\t\t\t<button class=\"toggle\" aria-label=\"Prze\u0142\u0105cznik\"><i class=\"icon-angle-down\" aria-hidden=\"true\"><\/i><\/button>\n\t\t\t<span>\u00a713. WZ\u00d3R FORMULARZA ODST\u0104PIENIA OD UMOWY <\/span>\n\t\t<\/a>\n\t\t<div id=\"accordion-4189483096-content\" class=\"accordion-inner\" aria-labelledby=\"accordion-4189483096-label\">\n\t\t\t\n\n<p><b>Adresat:<br><\/b><span style=\"font-weight: 400;\">Quality Media Marta Rydzy\u0144ska<\/span><span style=\"font-weight: 400;\"><br><\/span><span style=\"font-weight: 400;\">ul. Szkolna 9, 55-040 Tyniec Ma\u0142y, Poland<\/span><span style=\"font-weight: 400;\"><br><\/span><span style=\"font-weight: 400;\">E-mail: contact@coffeemarket24.com<\/span><\/p>\n<p>\u2013 Ja\/My(*) niniejszym informuj\u0119\/informujemy(*) o moim\/naszym odst\u0105pieniu od umowy sprzeda\u017cy nast\u0119puj\u0105cych towar\u00f3w(*) umowy dostawy nast\u0119puj\u0105cych towar\u00f3w(*) umowy o dzie\u0142o polegaj\u0105cej na wykonaniu nast\u0119puj\u0105cych towar\u00f3w(*)\/o \u015bwiadczenie nast\u0119puj\u0105cej us\u0142ugi(*)<br><\/p>\n<p>\u2013 Data zawarcia umowy(*)\/odbioru(*)<span style=\"font-weight: 400;\"><br><\/span><span style=\"font-weight: 400;\"> \u2013 Imi\u0119 i nazwisko konsumenta(-\u00f3w)<\/span><span style=\"font-weight: 400;\"><br><\/span><span style=\"font-weight: 400;\"> \u2013 Adres konsumenta(-\u00f3w)<\/span><span style=\"font-weight: 400;\"><br><\/span><span style=\"font-weight: 400;\"> \u2013 Podpis konsumenta(-\u00f3w) (tylko je\u017celi formularz jest przesy\u0142any w wersji papierowej)<\/span><span style=\"font-weight: 400;\"><br><\/span><span style=\"font-weight: 400;\"> \u2013 Data<\/span><\/p>\n<p><span style=\"font-weight: 400;\">(*) Niepotrzebne skre\u015bli\u0107.<\/span><\/p>\n\n\t\t<\/div>\n\t<\/div>\n\t\n\n<\/div>\n\n\t\t<\/div>\n\t\t\t\t\t<\/div>\n\n\t\n\n<\/div>\n\n","protected":false},"excerpt":{"rendered":"","protected":false},"author":1,"featured_media":0,"parent":0,"menu_order":0,"comment_status":"closed","ping_status":"closed","template":"page-blank.php","meta":{"slim_seo":{"title":"Terms and Conditions | CoffeeMarket24 \u2013 Specialty Coffee Shop","description":"Read the CoffeeMarket24 terms and conditions to understand purchase rules, payments, deliveries, returns, and your rights when shopping with us."},"footnotes":""},"class_list":["post-512","page","type-page","status-publish","hentry"],"jetpack_sharing_enabled":true,"_links":{"self":[{"href":"https:\/\/coffeemarket24.com\/pl\/wp-json\/wp\/v2\/pages\/512","targetHints":{"allow":["GET"]}}],"collection":[{"href":"https:\/\/coffeemarket24.com\/pl\/wp-json\/wp\/v2\/pages"}],"about":[{"href":"https:\/\/coffeemarket24.com\/pl\/wp-json\/wp\/v2\/types\/page"}],"author":[{"embeddable":true,"href":"https:\/\/coffeemarket24.com\/pl\/wp-json\/wp\/v2\/users\/1"}],"replies":[{"embeddable":true,"href":"https:\/\/coffeemarket24.com\/pl\/wp-json\/wp\/v2\/comments?post=512"}],"version-history":[{"count":5,"href":"https:\/\/coffeemarket24.com\/pl\/wp-json\/wp\/v2\/pages\/512\/revisions"}],"predecessor-version":[{"id":550,"href":"https:\/\/coffeemarket24.com\/pl\/wp-json\/wp\/v2\/pages\/512\/revisions\/550"}],"wp:attachment":[{"href":"https:\/\/coffeemarket24.com\/pl\/wp-json\/wp\/v2\/media?parent=512"}],"curies":[{"name":"wp","href":"https:\/\/api.w.org\/{rel}","templated":true}]}}