{"id":535,"date":"2026-02-12T17:00:05","date_gmt":"2026-02-12T17:00:05","guid":{"rendered":"https:\/\/coffeemarket24.com\/polityka-prywatnosci"},"modified":"2026-02-27T19:46:46","modified_gmt":"2026-02-27T19:46:46","slug":"polityka-prywatnosci","status":"publish","type":"page","link":"https:\/\/coffeemarket24.com\/pl\/polityka-prywatnosci","title":{"rendered":"Polityka prywatno\u015bci"},"content":{"rendered":"\n  <div id=\"page-header-1267100356\" class=\"page-header-wrapper\">\n  <div class=\"page-title dark featured-title\">\n\n        <div class=\"page-title-bg\">\n      <div class=\"title-bg fill bg-fill\"\n        data-parallax-container=\".page-title\"\n        data-parallax-background\n        data-parallax=\"-\">\n      <\/div>\n      <div class=\"title-overlay fill\"><\/div>\n    <\/div>\n    \n    <div class=\"page-title-inner container align-center flex-row medium-flex-wrap\" >\n              <div class=\"title-wrapper flex-col text-left medium-text-center\">\n          <h1 class=\"entry-title mb-0\">\n            Polityka prywatno\u015bci          <\/h1>\n        <\/div>\n                    <div class=\"title-content flex-col flex-right text-right medium-text-center\">\n        <div class=\"title-breadcrumbs pb-half pt-half\"><nav class=\"woocommerce-breadcrumb breadcrumbs uppercase\" aria-label=\"Breadcrumb\">Strona g\u0142\u00f3wna<\/nav><\/div>      <\/div>\n    <\/div>\n\n     \n<style>\n#page-header-1267100356 .featured-title {\n  background-color: rgb(180, 218, 195);\n}\n<\/style>\n  <\/div>\n    <\/div>\n  \n\n<div class=\"row\"  id=\"row-1877862855\">\n\n\n\t<div id=\"col-158816865\" class=\"col small-12 large-12\"  >\n\t\t\t\t<div class=\"col-inner\"  >\n\t\t\t\n\t\t\t\n\n<div class=\"accordion\">\n\n\t<div id=\"accordion-1095539297\" class=\"accordion-item\">\n\t\t<a id=\"accordion-1095539297-label\" class=\"accordion-title plain active\" href=\"#accordion-item-1.-informacje-og\u00d3lne\" aria-expanded=\"true\" aria-controls=\"accordion-1095539297-content\">\n\t\t\t<button class=\"toggle\" aria-label=\"Prze\u0142\u0105cznik\"><i class=\"icon-angle-down\" aria-hidden=\"true\"><\/i><\/button>\n\t\t\t<span>1. INFORMACJE OG\u00d3LNE<\/span>\n\t\t<\/a>\n\t\t<div id=\"accordion-1095539297-content\" class=\"accordion-inner\" style=\"display: block;\" aria-labelledby=\"accordion-1095539297-label\">\n\t\t\t\n\n<p><b>1.1.<\/b> Niniejsza Polityka Prywatno\u015bci ma charakter informacyjny i nie stanowi \u017ar\u00f3d\u0142a obowi\u0105zk\u00f3w dla u\u017cytkownik\u00f3w Serwisu ani Klient\u00f3w. Wyja\u015bnia zasady przetwarzania danych osobowych w Serwisie, w tym cele, podstawy prawne, okresy przechowywania danych oraz prawa os\u00f3b, kt\u00f3rych dane dotycz\u0105. <\/p>\n<p><b>1.2.<\/b> Administratorem danych osobowych zbieranych za po\u015brednictwem Serwisu jest:<\/p>\n<p>\nQuality Media Marta Rydzy\u0144ska<br>Numer identyfikacji podatkowej (NIP \/ VAT ID): PL7532335472<br>Adres: ul. Szkolna 9, 55-040 Tyniec Ma\u0142y, Polska<br>E-mail: contact@coffeemarket24.com \n<\/p>\n<p>dalej zwany\/a \u201eAdministratorem\u201d, b\u0119d\u0105cy jednocze\u015bnie Us\u0142ugodawc\u0105 oraz Sprzedawc\u0105 prowadz\u0105cym Serwis.<\/p>\n<p><b>1.3.<\/b> Dane osobowe s\u0105 przetwarzane zgodnie z obowi\u0105zuj\u0105cymi przepisami prawa, w szczeg\u00f3lno\u015bci z Rozporz\u0105dzeniem Parlamentu Europejskiego i Rady (UE) 2016\/679 z dnia 27 kwietnia 2016 r. (RODO).<\/p>\n<p><b>1.4.<\/b> Korzystanie z Serwisu jest dobrowolne. Podanie danych osobowych jest r\u00f3wnie\u017c dobrowolne, z wyj\u0105tkiem sytuacji, gdy: <\/p>\n<ul>\n<li>jest to niezb\u0119dne do zawarcia lub realizacji umowy sprzeda\u017cy albo umowy o \u015bwiadczenie us\u0142ug drog\u0105 elektroniczn\u0105, lub<\/li>\n<li>wynika z obowi\u0105zku prawnego (np. obowi\u0105zki podatkowe lub ksi\u0119gowe).<\/li>\n<\/ul>\n<p>Niepodanie wymaganych danych mo\u017ce uniemo\u017cliwi\u0107 zawarcie lub realizacj\u0119 umowy.<\/p>\n<p><b>1.5.<\/b> Administrator zapewnia, \u017ce dane osobowe s\u0105:<\/p>\n<ul>\n<li>przetwarzane zgodnie z prawem i rzetelnie,<\/li>\n<li>zbierane w konkretnych i prawnie uzasadnionych celach,<\/li>\n<li>prawid\u0142owe i adekwatne do cel\u00f3w przetwarzania,<\/li>\n<li>przechowywane nie d\u0142u\u017cej, ni\u017c jest to konieczne,<\/li>\n<li>zabezpieczone przed nieuprawnionym dost\u0119pem, utrat\u0105 lub nadu\u017cyciem.<\/li>\n<\/ul>\n<p><b>1.6.<\/b> Stosowane s\u0105 odpowiednie \u015brodki techniczne i organizacyjne w celu ochrony danych osobowych, w tym zabezpieczenia przed nieuprawnionym dost\u0119pem do danych przesy\u0142anych drog\u0105 elektroniczn\u0105.<\/p>\n<p><b>1.7.<\/b> Poj\u0119cia zapisane wielk\u0105 liter\u0105 u\u017cyte w niniejszej Polityce Prywatno\u015bci maj\u0105 znaczenie nadane im w Regulaminie Serwisu.<\/p>\n\n\t\t<\/div>\n\t<\/div>\n\t\n\t<div id=\"accordion-3904826393\" class=\"accordion-item\">\n\t\t<a id=\"accordion-3904826393-label\" class=\"accordion-title plain\" href=\"#accordion-item-2.podstawy-prawne-przetwarzania-danych\" aria-expanded=\"false\" aria-controls=\"accordion-3904826393-content\">\n\t\t\t<button class=\"toggle\" aria-label=\"Prze\u0142\u0105cznik\"><i class=\"icon-angle-down\" aria-hidden=\"true\"><\/i><\/button>\n\t\t\t<span>2.PODSTAWY PRAWNE PRZETWARZANIA DANYCH<\/span>\n\t\t<\/a>\n\t\t<div id=\"accordion-3904826393-content\" class=\"accordion-inner\" aria-labelledby=\"accordion-3904826393-label\">\n\t\t\t\n\n<p><b>2.1.<\/b> Dane osobowe s\u0105 przetwarzane, gdy spe\u0142niona jest co najmniej jedna z nast\u0119puj\u0105cych podstaw prawnych:<\/p>\n<ul>\n<li>zgoda osoby, kt\u00f3rej dane dotycz\u0105<\/li>\n<li>konieczno\u015b\u0107 realizacji umowy,<\/li>\n<li>obowi\u0105zek prawny ci\u0105\u017c\u0105cy na Administratorze,<\/li>\n<li>prawnie uzasadniony interes Administratora, o ile nie narusza on praw i wolno\u015bci osoby, kt\u00f3rej dane dotycz\u0105.<\/li>\n<\/ul>\n<p><b>2.2.<\/b> Ka\u017cda operacja przetwarzania danych opiera si\u0119 na jednej z powy\u017cszych podstaw, okre\u015blonej szczeg\u00f3\u0142owo w punkcie 3.<\/p>\n\n\t\t<\/div>\n\t<\/div>\n\t\n\t<div id=\"accordion-491353370\" class=\"accordion-item\">\n\t\t<a id=\"accordion-491353370-label\" class=\"accordion-title plain\" href=\"#accordion-item-3.-cel,-podstawa-prawna-i-okres-przechowywania-danych\" aria-expanded=\"false\" aria-controls=\"accordion-491353370-content\">\n\t\t\t<button class=\"toggle\" aria-label=\"Prze\u0142\u0105cznik\"><i class=\"icon-angle-down\" aria-hidden=\"true\"><\/i><\/button>\n\t\t\t<span>3. CEL, PODSTAWA PRAWNA I OKRES PRZECHOWYWANIA DANYCH<\/span>\n\t\t<\/a>\n\t\t<div id=\"accordion-491353370-content\" class=\"accordion-inner\" aria-labelledby=\"accordion-491353370-label\">\n\t\t\t\n\n<p>Dane osobowe mog\u0105 by\u0107 przetwarzane w nast\u0119puj\u0105cych celach:<br><\/p>\n<p>Realizacja um\u00f3w sprzeda\u017cy lub us\u0142ug elektronicznych<br>art. 6 ust. 1 lit. b RODO<br>Przez czas trwania umowy i jej rozliczenia<br><\/p>\n<p>Marketing bezpo\u015bredni<br>art. 6 ust. 1 lit. f RODO<br>Do momentu wniesienia sprzeciwu lub przedawnienia roszcze<br>\u0144<br><\/p>\n<p>Marketing na podstawie zgody<br>art. 6 ust. 1 lit. a RODO<br>Do cofni\u0119cia zgody<br><\/p>\n<p>Opinie klient\u00f3w<br>art. 6 ust. 1 lit. a RODO<br>Do cofni\u0119cia zgody<br><\/p>\n<p>Obowi\u0105zki ksi\u0119gowe i podatkowe<br>art. 6 ust. 1 lit. c RODO<br>5 lat zgodnie z przepisami prawa<br><\/p>\n<p>Dochodzenie lub obrona roszcze\u0144<br>art. 6 ust. 1 lit. f RODO<br>Do czasu przedawnienia roszcze\u0144<br><\/p>\n<p>Funkcjonowanie i utrzymanie Serwisu<br>art. 6 ust. 1 lit. f RODO<br>Przez okres istnienia uzasadnionego interesu<br><\/p>\n<p>Statystyki i analityka Serwisu<br>art. 6 ust. 1 lit. f RODO<br>Przez okres istnienia uzasadnionego interesu<br><\/p>\n\n\t\t<\/div>\n\t<\/div>\n\t\n\t<div id=\"accordion-834608492\" class=\"accordion-item\">\n\t\t<a id=\"accordion-834608492-label\" class=\"accordion-title plain\" href=\"#accordion-item-4.-odbiorcy-danych\" aria-expanded=\"false\" aria-controls=\"accordion-834608492-content\">\n\t\t\t<button class=\"toggle\" aria-label=\"Prze\u0142\u0105cznik\"><i class=\"icon-angle-down\" aria-hidden=\"true\"><\/i><\/button>\n\t\t\t<span>4. ODBIORCY DANYCH<\/span>\n\t\t<\/a>\n\t\t<div id=\"accordion-834608492-content\" class=\"accordion-inner\" aria-labelledby=\"accordion-834608492-label\">\n\t\t\t\n\n<p><b>4.1.<\/b> W celu prawid\u0142owego funkcjonowania Serwisu Administrator mo\u017ce korzysta\u0107 z us\u0142ug podmiot\u00f3w zewn\u0119trznych, takich jak firmy hostingowe, dostawcy IT, firmy kurierskie, operatorzy p\u0142atno\u015bci oraz biura rachunkowe lub kancelarie prawne.<\/p>\n<p><b>4.2.<\/b> Dane mog\u0105 by\u0107 przekazywane poza Uni\u0119 Europejsk\u0105 wy\u0142\u0105cznie w przypadku zapewnienia odpowiedniego poziomu ochrony danych, zgodnie z RODO.<\/p>\n<p><b>4.3.<\/b> Dane osobowe s\u0105 przekazywane wy\u0142\u0105cznie w zakresie niezb\u0119dnym do realizacji konkretnego celu przetwarzania.<\/p>\n<p><b>4.4.<\/b> Odbiorcami danych mog\u0105 by\u0107:<\/p>\n<ul>\n<li>firmy kurierskie,<\/li>\n<li>operatorzy p\u0142atno\u015bci elektronicznych i kartowych,<\/li>\n<li>dostawcy p\u0142atno\u015bci ratalnych,<\/li>\n<li>platformy opinii i recenzji,<\/li>\n<li>dostawcy us\u0142ug IT, hostingowych i oprogramowania,<\/li>\n<li>biura rachunkowe, kancelarie prawne i firmy doradcze,<\/li>\n<li>platformy spo\u0142eczno\u015bciowe (np. Facebook Ireland Ltd.) w przypadku korzystania z wtyczek spo\u0142eczno\u015bciowych.<\/li>\n<\/ul>\n\n\t\t<\/div>\n\t<\/div>\n\t\n\t<div id=\"accordion-2944504811\" class=\"accordion-item\">\n\t\t<a id=\"accordion-2944504811-label\" class=\"accordion-title plain\" href=\"#accordion-item-5.profilowanie\" aria-expanded=\"false\" aria-controls=\"accordion-2944504811-content\">\n\t\t\t<button class=\"toggle\" aria-label=\"Prze\u0142\u0105cznik\"><i class=\"icon-angle-down\" aria-hidden=\"true\"><\/i><\/button>\n\t\t\t<span>5.PROFILOWANIE<\/span>\n\t\t<\/a>\n\t\t<div id=\"accordion-2944504811-content\" class=\"accordion-inner\" aria-labelledby=\"accordion-2944504811-label\">\n\t\t\t\n\n<p><b>5.1.<\/b> Administrator mo\u017ce stosowa\u0107 profilowanie w celach marketingowych, takich jak personalizowane oferty lub przypomnienia.<\/p>\n<p><b>5.2.<\/b> Profilowanie nie wywo\u0142uje skutk\u00f3w prawnych ani nie wp\u0142ywa istotnie na osob\u0119, kt\u00f3rej dane dotycz\u0105.<\/p>\n<p><b>5.3.<\/b> Profilowanie polega na zautomatyzowanej analizie zachowa\u0144 u\u017cytkownik\u00f3w w Serwisie.<\/p>\n<p><b>5.4.<\/b> Osoba, kt\u00f3rej dane dotycz\u0105, ma prawo nie podlega\u0107 decyzjom opartym wy\u0142\u0105cznie na zautomatyzowanym przetwarzaniu danych.<\/p>\n\n\t\t<\/div>\n\t<\/div>\n\t\n\t<div id=\"accordion-3253517347\" class=\"accordion-item\">\n\t\t<a id=\"accordion-3253517347-label\" class=\"accordion-title plain\" href=\"#accordion-item-6.-prawa-os\u00d3b,-kt\u00d3rych-dane-dotycz\u0104\" aria-expanded=\"false\" aria-controls=\"accordion-3253517347-content\">\n\t\t\t<button class=\"toggle\" aria-label=\"Prze\u0142\u0105cznik\"><i class=\"icon-angle-down\" aria-hidden=\"true\"><\/i><\/button>\n\t\t\t<span>6. PRAWA OS\u00d3B, KT\u00d3RYCH DANE DOTYCZ\u0104<\/span>\n\t\t<\/a>\n\t\t<div id=\"accordion-3253517347-content\" class=\"accordion-inner\" aria-labelledby=\"accordion-3253517347-label\">\n\t\t\t\n\n<p>Osobom, kt\u00f3rych dane s\u0105 przetwarzane, przys\u0142uguje prawo do:<\/p>\n<ul>\n<li>dost\u0119pu do danych,<\/li>\n<li>sprostowania danych,<\/li>\n<li>usuni\u0119cia danych (\u201eprawo do bycia zapomnianym\u201d),<\/li>\n<li>ograniczenia przetwarzania,<\/li>\n<li>wniesienia sprzeciwu wobec przetwarzania,<\/li>\n<li>przenoszenia danych.<\/li>\n<\/ul>\n<p>Osoby te mog\u0105 r\u00f3wnie\u017c w dowolnym momencie cofn\u0105\u0107 zgod\u0119 oraz wnie\u015b\u0107 skarg\u0119 do Prezesa Urz\u0119du Ochrony Danych Osobowych (PUODO).<\/p>\n<p>Wnioski mo\u017cna sk\u0142ada\u0107 drog\u0105 e-mailow\u0105 lub za po\u015brednictwem formularza kontaktowego dost\u0119pnego w Serwisie.<\/p>\n\n\t\t<\/div>\n\t<\/div>\n\t\n\t<div id=\"accordion-508771565\" class=\"accordion-item\">\n\t\t<a id=\"accordion-508771565-label\" class=\"accordion-title plain\" href=\"#accordion-item-7.-pliki-cookies-i-narz\u0118dzia-analityczne\" aria-expanded=\"false\" aria-controls=\"accordion-508771565-content\">\n\t\t\t<button class=\"toggle\" aria-label=\"Prze\u0142\u0105cznik\"><i class=\"icon-angle-down\" aria-hidden=\"true\"><\/i><\/button>\n\t\t\t<span>7. PLIKI COOKIES I NARZ\u0118DZIA ANALITYCZNE<\/span>\n\t\t<\/a>\n\t\t<div id=\"accordion-508771565-content\" class=\"accordion-inner\" aria-labelledby=\"accordion-508771565-label\">\n\t\t\t\n\n<p><b>7.1.<\/b> Serwis wykorzystuje pliki cookies w celu zapewnienia prawid\u0142owego dzia\u0142ania, poprawy funkcjonalno\u015bci, analizy ruchu oraz dzia\u0142a\u0144 marketingowych.<\/p>\n<p><b>7.2.<\/b> Pliki cookies mog\u0105 mie\u0107 charakter:<\/p>\n<ul>\n<li>sesyjny lub sta\u0142y,<\/li>\n<li>w\u0142asny lub podmiot\u00f3w trzecich,<\/li>\n<li>niezb\u0119dny, funkcjonalny, analityczny lub marketingowy.<\/li>\n<\/ul>\n<p><b>7.3.<\/b> Cookies s\u0105 wykorzystywane do:<\/p>\n<ul>\n<li>uwierzytelniania u\u017cytkownik\u00f3w,<\/li>\n<li>obs\u0142ugi koszyka zakupowego,<\/li>\n<li>zapami\u0119tywania preferencji,<\/li>\n<li>prowadzenia anonimowych statystyk,<\/li>\n<li>personalizacji reklam.<\/li>\n<\/ul>\n<p><b>7.4.<\/b> U\u017cytkownik mo\u017ce zarz\u0105dza\u0107 plikami cookies lub je wy\u0142\u0105czy\u0107 w ustawieniach przegl\u0105darki. Ograniczenie cookies mo\u017ce wp\u0142yn\u0105\u0107 na funkcjonalno\u015b\u0107 Serwisu. <\/p>\n<p><b>7.5.<\/b> Serwis mo\u017ce korzysta\u0107 z nast\u0119puj\u0105cych narz\u0119dzi:<\/p>\n<ul>\n<li>Google Analytics (Google Ireland Ltd.),<\/li>\n<li>Facebook Pixel (Facebook Ireland Ltd.).<\/li>\n<\/ul>\n<p>U\u017cytkownicy mog\u0105 zrezygnowa\u0107 ze \u015bledzenia Google Analytics za pomoc\u0105 dodatk\u00f3w do przegl\u0105darki.<\/p>\n\n\t\t<\/div>\n\t<\/div>\n\t\n\t<div id=\"accordion-1673336023\" class=\"accordion-item\">\n\t\t<a id=\"accordion-1673336023-label\" class=\"accordion-title plain\" href=\"#accordion-item-8.-postanowienia-ko\u0143cowe\" aria-expanded=\"false\" aria-controls=\"accordion-1673336023-content\">\n\t\t\t<button class=\"toggle\" aria-label=\"Prze\u0142\u0105cznik\"><i class=\"icon-angle-down\" aria-hidden=\"true\"><\/i><\/button>\n\t\t\t<span>8. POSTANOWIENIA KO\u0143COWE<\/span>\n\t\t<\/a>\n\t\t<div id=\"accordion-1673336023-content\" class=\"accordion-inner\" aria-labelledby=\"accordion-1673336023-label\">\n\t\t\t\n\n<p><b>8.1.<\/b> Serwis mo\u017ce zawiera\u0107 linki do innych stron internetowych. Niniejsza Polityka Prywatno\u015bci dotyczy wy\u0142\u0105cznie Serwisu prowadzonego przez Administratora. <\/p>\n<p><b>8.2.<\/b> Administrator zastrzega sobie prawo do aktualizacji niniejszej Polityki Prywatno\u015bci zgodnie z obowi\u0105zuj\u0105cymi przepisami prawa.<\/p>\n\n\t\t<\/div>\n\t<\/div>\n\t\n\n<\/div>\n\n\t\t<\/div>\n\t\t\t\t\t<\/div>\n\n\t\n\n<\/div>\n\n","protected":false},"excerpt":{"rendered":"","protected":false},"author":1,"featured_media":0,"parent":0,"menu_order":0,"comment_status":"closed","ping_status":"closed","template":"page-blank.php","meta":{"slim_seo":{"title":"Privacy Policy | CoffeeMarket24 \u2013 Specialty Coffee Shop","description":"Read the CoffeeMarket24 privacy policy to learn how we protect your personal data, ensure secure processing, and comply with data protection regulations."},"footnotes":""},"class_list":["post-535","page","type-page","status-publish","hentry"],"jetpack_sharing_enabled":true,"_links":{"self":[{"href":"https:\/\/coffeemarket24.com\/pl\/wp-json\/wp\/v2\/pages\/535","targetHints":{"allow":["GET"]}}],"collection":[{"href":"https:\/\/coffeemarket24.com\/pl\/wp-json\/wp\/v2\/pages"}],"about":[{"href":"https:\/\/coffeemarket24.com\/pl\/wp-json\/wp\/v2\/types\/page"}],"author":[{"embeddable":true,"href":"https:\/\/coffeemarket24.com\/pl\/wp-json\/wp\/v2\/users\/1"}],"replies":[{"embeddable":true,"href":"https:\/\/coffeemarket24.com\/pl\/wp-json\/wp\/v2\/comments?post=535"}],"version-history":[{"count":7,"href":"https:\/\/coffeemarket24.com\/pl\/wp-json\/wp\/v2\/pages\/535\/revisions"}],"predecessor-version":[{"id":552,"href":"https:\/\/coffeemarket24.com\/pl\/wp-json\/wp\/v2\/pages\/535\/revisions\/552"}],"wp:attachment":[{"href":"https:\/\/coffeemarket24.com\/pl\/wp-json\/wp\/v2\/media?parent=535"}],"curies":[{"name":"wp","href":"https:\/\/api.w.org\/{rel}","templated":true}]}}