{"id":493,"date":"2026-02-16T22:28:03","date_gmt":"2026-02-16T22:28:03","guid":{"rendered":"https:\/\/coffeemarket24.com\/produkt\/dormans-continental"},"modified":"2026-04-20T06:57:41","modified_gmt":"2026-04-20T06:57:41","slug":"dormans-continental","status":"publish","type":"product","link":"https:\/\/coffeemarket24.com\/pl\/produkt\/dormans-continental","title":{"rendered":"Arabica Kenya Continental 375g \u2013 Bogate nuty czekolady z akcentami dojrza\u0142ych owoc\u00f3w"},"content":{"rendered":"<p><span style=\"font-weight: 400;\">Doskonale sprawdzi si\u0119 w ekspresach przelewowych, kawiarkach moka, French pressach oraz ekspresach automatycznych.<\/span><\/p>\n","protected":false},"excerpt":{"rendered":"<p data-start=\"597\" data-end=\"973\"><strong>Dormans<\/strong> to najpopularniejsza marka kawy w Kenii, znana z wyj\u0105tkowej jako\u015bci, bogatego smaku oraz d\u0142ugiej tradycji pozyskiwania najlepszych ziaren.<\/p>\n<p data-start=\"597\" data-end=\"973\"><strong>Dormans Continental<\/strong> to aromatyczna <strong data-start=\"632\" data-end=\"659\">kawa z Kenii<\/strong>, kt\u00f3ra wyr\u00f3\u017cnia si\u0119 zbalansowanym profilem smakowym oraz bogatym aromatem charakterystycznym dla <strong data-start=\"757\" data-end=\"785\">kawy z Afryki Wschodniej<\/strong>. Produkowana przez Dormans Coffee Limited i palona bezpo\u015brednio w Kenii, ta <strong data-start=\"862\" data-end=\"878\">kawa premium<\/strong> \u0142\u0105czy wieloletni\u0105 tradycj\u0119 palenia kawy z wysok\u0105 jako\u015bci\u0105 starannie wyselekcjonowanych ziaren.<\/p>\n<p data-start=\"975\" data-end=\"1372\">Do produkcji Dormans Continental wykorzystywane s\u0105 wysokiej jako\u015bci <strong data-start=\"1043\" data-end=\"1065\">palone ziarna kawy<\/strong> pochodz\u0105ce z kenijskich plantacji. Region ten jest jednym z najbardziej cenionych na \u015bwiecie miejsc uprawy kawy dzi\u0119ki \u017cyznym glebom wulkanicznym, wysokiemu po\u0142o\u017ceniu plantacji oraz sprzyjaj\u0105cemu klimatowi. Dzi\u0119ki temu <strong data-start=\"1285\" data-end=\"1301\">kawa z Kenii<\/strong> charakteryzuje si\u0119 wyrazistym aromatem i dobrze zbalansowanym smakiem.<\/p>\n<p data-start=\"1374\" data-end=\"1680\">Dormans Continental oferuje harmonijn\u0105 fili\u017cank\u0119 kawy z delikatn\u0105 kwasowo\u015bci\u0105, przyjemnym body oraz nutami kakao i subteln\u0105 s\u0142odycz\u0105. Profil smakowy tej <strong data-start=\"1527\" data-end=\"1546\">kawy <\/strong>sprawia, \u017ce jest ona doskona\u0142ym wyborem zar\u00f3wno dla os\u00f3b pij\u0105cych kaw\u0119 codziennie, jak i dla mi\u0142o\u015bnik\u00f3w wysokiej jako\u015bci kaw premium.<\/p>\n<p data-start=\"1682\" data-end=\"1985\">Dzi\u0119ki swojej uniwersalno\u015bci kawa \u015bwietnie sprawdza si\u0119 w r\u00f3\u017cnych metodach parzenia. Mo\u017cna j\u0105 przygotowa\u0107 w ekspresie ci\u015bnieniowym, ekspresie automatycznym, kawiarce lub metodami przelewowymi. Niezale\u017cnie od sposobu parzenia Dormans Continental oferuje aromatyczn\u0105 fili\u017cank\u0119 prawdziwej <strong data-start=\"1968\" data-end=\"1984\">kawy z Kenii<\/strong>.<\/p>\n<p data-start=\"1987\" data-end=\"2190\">Je\u015bli szukasz <strong data-start=\"2001\" data-end=\"2046\">wysokiej jako\u015bci kawy z Afryki<\/strong>, Dormans Continental to doskona\u0142y wyb\u00f3r<\/p>\n","protected":false},"featured_media":492,"template":"","meta":{"slim_seo":{"title":"Dormans Continental \u2013 kenijska kawa premium","description":"Dormans Continental to kenijska kawa o zbalansowanym smaku i bogatym aromacie. Wysokiej jako\u015bci palone ziarna kawy idealne do espresso i kaw przelewowych.Dormans to najpopularniejsza marka kawy w Kenii, znana z wyj\u0105tkowej jako\u015bci, bogatego smaku oraz d\u0142ugiej tradycji pozyskiwania najlepszych ziaren. Dormans Conti"}},"product_brand":[],"product_cat":[52],"product_tag":[88,82,84,87],"class_list":{"0":"post-493","1":"product","2":"type-product","3":"status-publish","4":"has-post-thumbnail","6":"product_cat-kawa-ziarnista","7":"product_tag-dormans","8":"product_tag-kawa-z-kenii","9":"product_tag-kawy-premium","10":"product_tag-kawy-z-afryki","12":"first","13":"instock","14":"shipping-taxable","15":"purchasable","16":"product-type-simple"},"jetpack_sharing_enabled":true,"_links":{"self":[{"href":"https:\/\/coffeemarket24.com\/pl\/wp-json\/wp\/v2\/product\/493","targetHints":{"allow":["GET"]}}],"collection":[{"href":"https:\/\/coffeemarket24.com\/pl\/wp-json\/wp\/v2\/product"}],"about":[{"href":"https:\/\/coffeemarket24.com\/pl\/wp-json\/wp\/v2\/types\/product"}],"wp:featuredmedia":[{"embeddable":true,"href":"https:\/\/coffeemarket24.com\/pl\/wp-json\/wp\/v2\/media\/492"}],"wp:attachment":[{"href":"https:\/\/coffeemarket24.com\/pl\/wp-json\/wp\/v2\/media?parent=493"}],"wp:term":[{"taxonomy":"product_brand","embeddable":true,"href":"https:\/\/coffeemarket24.com\/pl\/wp-json\/wp\/v2\/product_brand?post=493"},{"taxonomy":"product_cat","embeddable":true,"href":"https:\/\/coffeemarket24.com\/pl\/wp-json\/wp\/v2\/product_cat?post=493"},{"taxonomy":"product_tag","embeddable":true,"href":"https:\/\/coffeemarket24.com\/pl\/wp-json\/wp\/v2\/product_tag?post=493"}],"curies":[{"name":"wp","href":"https:\/\/api.w.org\/{rel}","templated":true}]}}