{"id":495,"date":"2026-02-16T22:18:37","date_gmt":"2026-02-16T22:18:37","guid":{"rendered":"https:\/\/coffeemarket24.com\/produkt\/dormans-espresso"},"modified":"2026-04-03T18:44:06","modified_gmt":"2026-04-03T18:44:06","slug":"dormans-espresso","status":"publish","type":"product","link":"https:\/\/coffeemarket24.com\/pl\/produkt\/dormans-espresso","title":{"rendered":"Dormans Espresso"},"content":{"rendered":"<p><span style=\"font-weight: 400;\">Idealna do ekspres\u00f3w ci\u015bnieniowych, kawiarek moka oraz ekspres\u00f3w automatycznych<\/span><\/p>\n","protected":false},"excerpt":{"rendered":"<p data-start=\"612\" data-end=\"911\"><strong>Dormans<\/strong> to najpopularniejsza marka kawy w Kenii, znana z wyj\u0105tkowej jako\u015bci, bogatego smaku oraz d\u0142ugiej tradycji pozyskiwania najlepszych ziaren.<\/p>\n<p data-start=\"612\" data-end=\"911\"><strong>Dormans Espresso<\/strong> to intensywna <strong data-start=\"643\" data-end=\"670\">kawa z Kenii<\/strong>, stworzona z my\u015bl\u0105 o mi\u0142o\u015bnikach mocnego i aromatycznego espresso. Produkowana przez Dormans Coffee Limited i palona bezpo\u015brednio w Kenii, ta <strong data-start=\"813\" data-end=\"829\">kawa premium<\/strong> \u0142\u0105czy wieloletni\u0105 tradycj\u0119 palenia kawy z wyj\u0105tkow\u0105 jako\u015bci\u0105 afryka\u0144skich ziaren.<\/p>\n<p data-start=\"913\" data-end=\"1234\">Do produkcji tej kawy wykorzystywane s\u0105 starannie wyselekcjonowane <strong data-start=\"980\" data-end=\"1002\">palone ziarna kawy<\/strong> pochodz\u0105ce z najlepszych region\u00f3w upraw w Kenii. Dzi\u0119ki sprzyjaj\u0105cemu klimatowi, wysokiemu po\u0142o\u017ceniu plantacji oraz \u017cyznym glebom wulkanicznym <strong data-start=\"1146\" data-end=\"1162\">kawa z Kenii<\/strong> charakteryzuje si\u0119 intensywnym aromatem i wyrazistym profilem smakowym.<\/p>\n<p data-start=\"1236\" data-end=\"1481\">Dormans Espresso wyr\u00f3\u017cnia si\u0119 <strong data-start=\"1266\" data-end=\"1370\">mocnym body, nisk\u0105 do \u015bredniej kwasowo\u015bci\u0105 oraz g\u0142\u0119bokimi nutami czekolady i delikatn\u0105 nut\u0105 dymno\u015bci<\/strong>. Profil smakowy tej kawy sprawia, \u017ce doskonale nadaje si\u0119 do przygotowania klasycznego espresso z g\u0119st\u0105 crem\u0105.<\/p>\n<p data-start=\"1483\" data-end=\"1739\">Ta <strong data-start=\"1486\" data-end=\"1505\">kawa<\/strong>\u00a0\u015bwietnie sprawdza si\u0119 tak\u017ce jako baza do napoj\u00f3w mlecznych takich jak cappuccino czy latte, poniewa\u017c jej intensywny smak dobrze \u0142\u0105czy si\u0119 z mlekiem. Mo\u017cna j\u0105 przygotowa\u0107 w ekspresie ci\u015bnieniowym, ekspresie automatycznym lub kawiarce.<\/p>\n<p data-start=\"1741\" data-end=\"1932\">Je\u015bli szukasz <strong data-start=\"1755\" data-end=\"1797\">wysokiej jako\u015bci kawy premium z Afryki<\/strong>, Dormans Espresso to doskona\u0142y wyb\u00f3r dla os\u00f3b ceni\u0105cych intensywny smak, bogaty aromat oraz autentyczny charakter <strong data-start=\"1912\" data-end=\"1931\">kawy kenijskiej<\/strong>.<\/p>\n","protected":false},"featured_media":494,"template":"","meta":{"slim_seo":{"title":"Dormans Espresso \u2013 kenijska kawa do espresso","description":"Dormans Espresso to intensywna kawa z Kenii o bogatym aromacie i g\u0119stej cremie. Palone ziarna kawy premium idealne do espresso, cappuccino i latte."}},"product_brand":[],"product_cat":[52],"product_tag":[88,82,84,87],"class_list":{"0":"post-495","1":"product","2":"type-product","3":"status-publish","4":"has-post-thumbnail","6":"product_cat-kawa-ziarnista","7":"product_tag-dormans","8":"product_tag-kawa-z-kenii","9":"product_tag-kawy-premium","10":"product_tag-kawy-z-afryki","12":"first","13":"instock","14":"shipping-taxable","15":"purchasable","16":"product-type-simple"},"jetpack_sharing_enabled":true,"_links":{"self":[{"href":"https:\/\/coffeemarket24.com\/pl\/wp-json\/wp\/v2\/product\/495","targetHints":{"allow":["GET"]}}],"collection":[{"href":"https:\/\/coffeemarket24.com\/pl\/wp-json\/wp\/v2\/product"}],"about":[{"href":"https:\/\/coffeemarket24.com\/pl\/wp-json\/wp\/v2\/types\/product"}],"wp:featuredmedia":[{"embeddable":true,"href":"https:\/\/coffeemarket24.com\/pl\/wp-json\/wp\/v2\/media\/494"}],"wp:attachment":[{"href":"https:\/\/coffeemarket24.com\/pl\/wp-json\/wp\/v2\/media?parent=495"}],"wp:term":[{"taxonomy":"product_brand","embeddable":true,"href":"https:\/\/coffeemarket24.com\/pl\/wp-json\/wp\/v2\/product_brand?post=495"},{"taxonomy":"product_cat","embeddable":true,"href":"https:\/\/coffeemarket24.com\/pl\/wp-json\/wp\/v2\/product_cat?post=495"},{"taxonomy":"product_tag","embeddable":true,"href":"https:\/\/coffeemarket24.com\/pl\/wp-json\/wp\/v2\/product_tag?post=495"}],"curies":[{"name":"wp","href":"https:\/\/api.w.org\/{rel}","templated":true}]}}