{"id":498,"date":"2026-02-16T17:23:55","date_gmt":"2026-02-16T17:23:55","guid":{"rendered":"https:\/\/coffeemarket24.com\/produkt\/dormans-aa-blue-mountain"},"modified":"2026-04-03T18:43:18","modified_gmt":"2026-04-03T18:43:18","slug":"dormans-aa-blue-mountain","status":"publish","type":"product","link":"https:\/\/coffeemarket24.com\/pl\/produkt\/dormans-aa-blue-mountain","title":{"rendered":"Dormans AA Blue Mountain"},"content":{"rendered":"<p><span style=\"font-weight: 400;\">ldealna do metod przelewowych, takich jak filter \/ drip, pour-over, French press, a tak\u017ce do metod espresso.<\/span><\/p>\n","protected":false},"excerpt":{"rendered":"<p data-start=\"617\" data-end=\"890\"><strong>Dormans<\/strong> to najpopularniejsza marka kawy w Kenii, znana z wyj\u0105tkowej jako\u015bci, bogatego smaku oraz d\u0142ugiej tradycji pozyskiwania najlepszych ziaren.<\/p>\n<p data-start=\"617\" data-end=\"890\"><strong>Dormans AA Blue Mountain<\/strong> to wyj\u0105tkowa <strong data-start=\"655\" data-end=\"682\">kawa speciality z Kenii<\/strong>, przygotowana z najwy\u017cszej jako\u015bci ziaren klasy AA. Ta <strong data-start=\"738\" data-end=\"754\">kawa premium<\/strong> jest palona w Kenii przez renomowan\u0105 palarni\u0119 Dormans Coffee Limited, znan\u0105 z wieloletniej tradycji produkcji kawy w Afryce Wschodniej.<\/p>\n<p data-start=\"892\" data-end=\"1250\">Starannie wyselekcjonowane <strong data-start=\"919\" data-end=\"941\">palone ziarna kawy<\/strong> pochodz\u0105 z najlepszych region\u00f3w upraw w Kenii. Klasa AA oznacza najwi\u0119ksze i najbardziej cenione ziarna, kt\u00f3re zapewniaj\u0105 bogaty aromat i wyrazisty profil smakowy. Dzi\u0119ki sprzyjaj\u0105cym warunkom klimatycznym oraz \u017cyznym glebom wulkanicznym <strong data-start=\"1180\" data-end=\"1196\">kawa z Kenii<\/strong> nale\u017cy do najbardziej charakterystycznych kaw \u015bwiata.<\/p>\n<p data-start=\"1252\" data-end=\"1481\"><strong>Dormans AA Blue Mountai<\/strong>n wyr\u00f3\u017cnia si\u0119 <strong data-start=\"1290\" data-end=\"1369\">pe\u0142nym body, wyra\u017an\u0105 kwasowo\u015bci\u0105 oraz aromatem dojrza\u0142ych owoc\u00f3w i orzech\u00f3w<\/strong>, uzupe\u0142nionym g\u0142\u0119bokimi nutami czekolady i d\u0142ugim, przyjemnym finiszem.<\/p>\n<p data-start=\"1483\" data-end=\"1702\">Dzi\u0119ki zbalansowanemu profilowi smakowemu kawa doskonale sprawdzi si\u0119 w r\u00f3\u017cnych metodach parzenia. Mo\u017cna j\u0105 przygotowa\u0107 jako intensywne espresso, aromatyczn\u0105 kaw\u0119 z ekspresu automatycznego lub klasyczn\u0105 kaw\u0119 przelewow\u0105.<\/p>\n<p data-start=\"1704\" data-end=\"1900\">Je\u015bli szukasz <strong data-start=\"1718\" data-end=\"1763\">wysokiej jako\u015bci kawy speciality z Afryki<\/strong>, Dormans AA Blue Mountain to doskona\u0142y wyb\u00f3r dla os\u00f3b ceni\u0105cych bogaty aromat, z\u0142o\u017cony smak i autentyczny charakter <strong data-start=\"1880\" data-end=\"1899\">kawy kenijskiej<\/strong>.<\/p>\n","protected":false},"featured_media":497,"template":"","meta":{"slim_seo":{"title":"Dormans AA Blue Mountain \u2013 Kenijska kawa speciality AA premium","description":"Dormans AA Blue Mountain to kenijska kawa speciality klasy AA o bogatym aromacie, owocowych nutach i czekoladowym finiszu. Idealna do espresso i metod przelewowych."}},"product_brand":[],"product_cat":[52],"product_tag":[88,85,83,82,84,87],"class_list":{"0":"post-498","1":"product","2":"type-product","3":"status-publish","4":"has-post-thumbnail","6":"product_cat-kawa-ziarnista","7":"product_tag-dormans","8":"product_tag-kawa-aa","9":"product_tag-kawa-speciality","10":"product_tag-kawa-z-kenii","11":"product_tag-kawy-premium","12":"product_tag-kawy-z-afryki","14":"first","15":"instock","16":"shipping-taxable","17":"purchasable","18":"product-type-simple"},"jetpack_sharing_enabled":true,"_links":{"self":[{"href":"https:\/\/coffeemarket24.com\/pl\/wp-json\/wp\/v2\/product\/498","targetHints":{"allow":["GET"]}}],"collection":[{"href":"https:\/\/coffeemarket24.com\/pl\/wp-json\/wp\/v2\/product"}],"about":[{"href":"https:\/\/coffeemarket24.com\/pl\/wp-json\/wp\/v2\/types\/product"}],"wp:featuredmedia":[{"embeddable":true,"href":"https:\/\/coffeemarket24.com\/pl\/wp-json\/wp\/v2\/media\/497"}],"wp:attachment":[{"href":"https:\/\/coffeemarket24.com\/pl\/wp-json\/wp\/v2\/media?parent=498"}],"wp:term":[{"taxonomy":"product_brand","embeddable":true,"href":"https:\/\/coffeemarket24.com\/pl\/wp-json\/wp\/v2\/product_brand?post=498"},{"taxonomy":"product_cat","embeddable":true,"href":"https:\/\/coffeemarket24.com\/pl\/wp-json\/wp\/v2\/product_cat?post=498"},{"taxonomy":"product_tag","embeddable":true,"href":"https:\/\/coffeemarket24.com\/pl\/wp-json\/wp\/v2\/product_tag?post=498"}],"curies":[{"name":"wp","href":"https:\/\/api.w.org\/{rel}","templated":true}]}}