{"id":501,"date":"2026-02-16T15:19:55","date_gmt":"2026-02-16T15:19:55","guid":{"rendered":"https:\/\/coffeemarket24.com\/produkt\/dormans-aa"},"modified":"2026-04-20T06:58:56","modified_gmt":"2026-04-20T06:58:56","slug":"dormans-aa","status":"publish","type":"product","link":"https:\/\/coffeemarket24.com\/pl\/produkt\/dormans-aa","title":{"rendered":"Specialty Arabica Kenya AA 375 g \u2013 Nuty owocowe i jagodowe"},"content":{"rendered":"<p><span style=\"font-weight: 400;\">ldealna do metod przelewowych, takich jak drip \/ filter, pour-over, French press oraz innych metod manualnych.<\/span><\/p>\n","protected":false},"excerpt":{"rendered":"<p><strong>Dormans<\/strong> to najpopularniejsza marka kawy w Kenii, znana z wyj\u0105tkowej jako\u015bci, bogatego smaku oraz d\u0142ugiej tradycji pozyskiwania najlepszych ziaren.<\/p>\n<p class=\"isSelectedEnd\"><strong>Dormans AA<\/strong> to wysokiej jako\u015bci <strong>kawa speciality z Kenii<\/strong>, przygotowana z wyselekcjonowanych ziaren klasy AA \u2013 jednej z najbardziej cenionych klas jako\u015bci w\u015br\u00f3d kaw afryka\u0144skich. Palona w Kenii przez Dormans Coffee Limited, ta <strong>kawa premium<\/strong> oddaje autentyczny charakter <strong>kawy z Afryki<\/strong> i wieloletni\u0105 tradycj\u0119 palenia kawy w regionie.<\/p>\n<p class=\"isSelectedEnd\">Starannie wybrane <strong>palone ziarna kawy<\/strong> pochodz\u0105 z wysoko po\u0142o\u017conych plantacji w Kenii, gdzie \u017cyzne gleby wulkaniczne oraz sprzyjaj\u0105cy klimat pozwalaj\u0105 uzyska\u0107 wyj\u0105tkowy profil smakowy. Dzi\u0119ki temu <strong>kawa kenijska AA<\/strong> wyr\u00f3\u017cnia si\u0119 intensywnym aromatem, wyra\u017an\u0105 cytrusow\u0105 kwasowo\u015bci\u0105 oraz subtelnymi nutami owoc\u00f3w i czekolady.<\/p>\n<p class=\"isSelectedEnd\">Proces palenia zosta\u0142 dobrany tak, aby podkre\u015bli\u0107 naturalne cechy ziaren i zachowa\u0107 r\u00f3wnowag\u0119 mi\u0119dzy aromatem, kwasowo\u015bci\u0105 i body. W rezultacie Dormans AA oferuje zbalansowan\u0105 i aromatyczn\u0105 fili\u017cank\u0119, kt\u00f3ra doskonale sprawdzi si\u0119 zar\u00f3wno jako espresso, jak i kawa przygotowana metodami przelewowymi.<\/p>\n<p>Ta <strong>kawa speciality z Kenii<\/strong> idealnie nadaje si\u0119 do ekspres\u00f3w ci\u015bnieniowych, kawiarek oraz metod przelewowych takich jak drip czy Chemex. Dzi\u0119ki swojej jako\u015bci i charakterystycznemu profilowi smakowemu Dormans AA to doskona\u0142y wyb\u00f3r dla os\u00f3b poszukuj\u0105cych <strong>kawy premium<\/strong> o autentycznym smaku <strong>kawy z Kenii<\/strong>.<\/p>\n","protected":false},"featured_media":500,"template":"","meta":{"slim_seo":{"title":"Dormans AA \u2013 Kenijska kawa speciality AA premium","description":"Kenijska kawa speciality Dormans AA. Wysokiej jako\u015bci ziarna kawy klasy AA o intensywnym aromacie i zbalansowanym smaku. Idealna do espresso i kaw przelewowych."}},"product_brand":[],"product_cat":[52],"product_tag":[88,85,83,82,84,87],"class_list":{"0":"post-501","1":"product","2":"type-product","3":"status-publish","4":"has-post-thumbnail","6":"product_cat-kawa-ziarnista","7":"product_tag-dormans","8":"product_tag-kawa-aa","9":"product_tag-kawa-speciality","10":"product_tag-kawa-z-kenii","11":"product_tag-kawy-premium","12":"product_tag-kawy-z-afryki","14":"first","15":"instock","16":"shipping-taxable","17":"purchasable","18":"product-type-simple"},"jetpack_sharing_enabled":true,"_links":{"self":[{"href":"https:\/\/coffeemarket24.com\/pl\/wp-json\/wp\/v2\/product\/501","targetHints":{"allow":["GET"]}}],"collection":[{"href":"https:\/\/coffeemarket24.com\/pl\/wp-json\/wp\/v2\/product"}],"about":[{"href":"https:\/\/coffeemarket24.com\/pl\/wp-json\/wp\/v2\/types\/product"}],"wp:featuredmedia":[{"embeddable":true,"href":"https:\/\/coffeemarket24.com\/pl\/wp-json\/wp\/v2\/media\/500"}],"wp:attachment":[{"href":"https:\/\/coffeemarket24.com\/pl\/wp-json\/wp\/v2\/media?parent=501"}],"wp:term":[{"taxonomy":"product_brand","embeddable":true,"href":"https:\/\/coffeemarket24.com\/pl\/wp-json\/wp\/v2\/product_brand?post=501"},{"taxonomy":"product_cat","embeddable":true,"href":"https:\/\/coffeemarket24.com\/pl\/wp-json\/wp\/v2\/product_cat?post=501"},{"taxonomy":"product_tag","embeddable":true,"href":"https:\/\/coffeemarket24.com\/pl\/wp-json\/wp\/v2\/product_tag?post=501"}],"curies":[{"name":"wp","href":"https:\/\/api.w.org\/{rel}","templated":true}]}}