{"id":503,"date":"2026-02-12T16:57:30","date_gmt":"2026-02-12T16:57:30","guid":{"rendered":"https:\/\/coffeemarket24.com\/produkt\/dormans-household"},"modified":"2026-04-03T18:41:41","modified_gmt":"2026-04-03T18:41:41","slug":"dormans-household","status":"publish","type":"product","link":"https:\/\/coffeemarket24.com\/pl\/produkt\/dormans-household","title":{"rendered":"Dormans Household"},"content":{"rendered":"<p><span style=\"font-weight: 400;\">Doskonale sprawdzi si\u0119 w tradycyjnych metodach parzenia, takich jak ekspres przelewowy, kawiarka moka, French press oraz perkolator.<br \/>\n<\/span><\/p>\n","protected":false},"excerpt":{"rendered":"<p data-start=\"619\" data-end=\"922\"><strong>Dormans<\/strong> to najpopularniejsza marka kawy w Kenii, znana z wyj\u0105tkowej jako\u015bci, bogatego smaku oraz d\u0142ugiej tradycji pozyskiwania najlepszych ziaren.<\/p>\n<p data-start=\"619\" data-end=\"922\"><strong>Dormans Household<\/strong> to klasyczna <strong data-start=\"650\" data-end=\"677\">kawa z Kenii<\/strong>, kt\u00f3ra \u0142\u0105czy tradycj\u0119 afryka\u0144skiego palenia kawy z wyj\u0105tkowym profilem smakowym charakterystycznym dla regionu. Ta <strong data-start=\"793\" data-end=\"809\">kawa premium<\/strong> produkowana jest przez Dormans Coffee Limited \u2013 jedn\u0105 z najbardziej rozpoznawalnych palarni w Afryce Wschodniej.<\/p>\n<p data-start=\"924\" data-end=\"1244\">Blend powstaje z wyselekcjonowanych ziaren <strong data-start=\"967\" data-end=\"983\">kawy z Kenii<\/strong>, kt\u00f3re s\u0105 naturalnie suszone na s\u0142o\u0144cu, co pozwala wydoby\u0107 ich naturaln\u0105 s\u0142odycz i intensywny aromat. Dzi\u0119ki temu procesowi <strong data-start=\"1108\" data-end=\"1130\">palone ziarna kawy<\/strong> rozwijaj\u0105 charakterystyczne nuty owocowe oraz subtelne akcenty przyprawowe.<\/p>\n<p data-start=\"1246\" data-end=\"1531\">Dormans Household oferuje dobrze zbalansowany smak z delikatn\u0105 kwasowo\u015bci\u0105 i przyjemnym body, dzi\u0119ki czemu \u015bwietnie sprawdza si\u0119 jako codzienna kawa dla os\u00f3b ceni\u0105cych autentyczny smak <strong data-start=\"1431\" data-end=\"1448\">kawy z Afryki<\/strong>. Jej aromatyczny profil sprawia, \u017ce ka\u017cda fili\u017canka jest pe\u0142na charakteru i g\u0142\u0119bi.<\/p>\n<p data-start=\"1533\" data-end=\"1807\">Ta <strong data-start=\"1536\" data-end=\"1555\">kawa<\/strong>\u00a0doskonale nadaje si\u0119 do r\u00f3\u017cnych metod parzenia. Mo\u017cna j\u0105 przygotowa\u0107 jako klasyczne espresso, w ekspresie automatycznym, kawiarce lub metod\u0105 przelewow\u0105. Dzi\u0119ki swojej uniwersalno\u015bci Dormans Household jest \u015bwietnym wyborem zar\u00f3wno do domu, jak i biura.<\/p>\n<p data-start=\"1809\" data-end=\"1961\">Je\u015bli szukasz aromatycznej <strong data-start=\"1836\" data-end=\"1860\">kawy premium z Kenii<\/strong>, Dormans Household oferuje autentyczny smak afryka\u0144skich ziaren i wieloletni\u0105 tradycj\u0119 palenia kawy.<\/p>\n","protected":false},"featured_media":502,"template":"","meta":{"slim_seo":{"title":"Dormans Household \u2013 kenijska kawa premium","description":"Dormans Household to aromatyczna kawa z Kenii o owocowych nutach i przyprawowym aromacie. Palone ziarna kawy premium idealne do espresso i kaw przelewowych."}},"product_brand":[],"product_cat":[52],"product_tag":[88,86,82,87],"class_list":{"0":"post-503","1":"product","2":"type-product","3":"status-publish","4":"has-post-thumbnail","6":"product_cat-kawa-ziarnista","7":"product_tag-dormans","8":"product_tag-kawa-speciality-z-kenii","9":"product_tag-kawa-z-kenii","10":"product_tag-kawy-z-afryki","12":"first","13":"instock","14":"shipping-taxable","15":"purchasable","16":"product-type-simple"},"jetpack_sharing_enabled":true,"_links":{"self":[{"href":"https:\/\/coffeemarket24.com\/pl\/wp-json\/wp\/v2\/product\/503","targetHints":{"allow":["GET"]}}],"collection":[{"href":"https:\/\/coffeemarket24.com\/pl\/wp-json\/wp\/v2\/product"}],"about":[{"href":"https:\/\/coffeemarket24.com\/pl\/wp-json\/wp\/v2\/types\/product"}],"wp:featuredmedia":[{"embeddable":true,"href":"https:\/\/coffeemarket24.com\/pl\/wp-json\/wp\/v2\/media\/502"}],"wp:attachment":[{"href":"https:\/\/coffeemarket24.com\/pl\/wp-json\/wp\/v2\/media?parent=503"}],"wp:term":[{"taxonomy":"product_brand","embeddable":true,"href":"https:\/\/coffeemarket24.com\/pl\/wp-json\/wp\/v2\/product_brand?post=503"},{"taxonomy":"product_cat","embeddable":true,"href":"https:\/\/coffeemarket24.com\/pl\/wp-json\/wp\/v2\/product_cat?post=503"},{"taxonomy":"product_tag","embeddable":true,"href":"https:\/\/coffeemarket24.com\/pl\/wp-json\/wp\/v2\/product_tag?post=503"}],"curies":[{"name":"wp","href":"https:\/\/api.w.org\/{rel}","templated":true}]}}